{"id":9,"date":"2013-01-27T10:32:32","date_gmt":"2013-01-27T09:32:32","guid":{"rendered":"http:\/\/terapiakrakow.eu\/?page_id=9"},"modified":"2023-11-20T21:24:35","modified_gmt":"2023-11-20T20:24:35","slug":"o-psychoterapii","status":"publish","type":"page","link":"https:\/\/weronikadilling.eu\/index.php\/o-psychoterapii\/","title":{"rendered":"O terapii"},"content":{"rendered":"<p>\t\t\t\tPsychoterapia ma na celu lepsze poznanie siebie i popraw\u0119 funkcjonowania w \u017cyciu. Dzieje si\u0119 to poprzez rozmow\u0119, w\u00a0kt\u00f3rej terapeuta zach\u0119ca pacjenta do dzielenia si\u0119 wszystkim, co przyjdzie mu do g\u0142owy \u2013 my\u015blami, uczuciami, fantazjami, snami, r\u00f3wnie\u017c zwi\u0105zanymi z osob\u0105 terapeuty. Praca w relacji terapeutycznej, wymagaj\u0105ca aktywno\u015bci obu stron, prowadzi pacjenta do zrozumienia wp\u0142ywu nie\u015bwiadomych emocji oraz konflikt\u00f3w na jego \u017cycie i\u00a0umo\u017cliwia trwa\u0142\u0105 zmian\u0119. Dzi\u0119ki temu wzrastaj\u0105 zdolno\u015bci pacjenta do budowania g\u0142\u0119bokich zwi\u0105zk\u00f3w mi\u0119dzyludzkich i wykorzystywania swojego potencja\u0142u.<\/p>\n<p>Pracuj\u0119 w podej\u015bciu opartym na teoriach psychoanalitycznych. Zgodnie z nimi, nasza osobowo\u015b\u0107 kszta\u0142tuje si\u0119 pod wp\u0142ywem czynnik\u00f3w wrodzonych oraz do\u015bwiadcze\u0144 \u017cyciowych, szczeg\u00f3lnie tych z okresu dzieci\u0144stwa. To, jak dziecko do\u015bwiadcza otaczaj\u0105cego go \u015bwiata oraz\u00a0relacji z\u00a0wa\u017cnymi osobami tworzy nie\u015bwiadome wzorce odczuwania, my\u015blenia i fantazji a\u00a0tak\u017ce sposob\u00f3w reagowania i budowania relacji. Ta irracjonalna i\u00a0nie\u015bwiadoma cz\u0119\u015b\u0107 naszej psychiki wp\u0142ywa na nasze funkcjonowanie w doros\u0142ym \u017cyciu i sprawia, \u017ce cz\u0119sto powtarzamy te same b\u0142\u0119dy i trudno nam dokona\u0107 zmiany, mimo ch\u0119ci i licznych pr\u00f3b. Mo\u017ce prowadzi\u0107 do pojawienia si\u0119 trudno\u015bci w \u017cyciu osobistym, spo\u0142ecznym i\u00a0zawodowym. Problemy te mog\u0105 przejawia\u0107 si\u0119 konkretnymi objawami, jak przygn\u0119bienie, l\u0119k, zachowania impulsywne czy my\u015bli i czynno\u015bci natr\u0119tne ale r\u00f3wnie\u017c trudno\u015bciami w\u00a0relacjach z lud\u017ami oraz pracy zawodowej i og\u00f3lnym poczuciem braku satysfakcji z \u017cycia.<\/p>\n<p>&nbsp;\t\t<\/p>\n","protected":false},"excerpt":{"rendered":"<p>Psychoterapia ma na celu lepsze poznanie siebie i popraw\u0119 funkcjonowania w \u017cyciu. Dzieje si\u0119 to poprzez rozmow\u0119, w\u00a0kt\u00f3rej terapeuta zach\u0119ca pacjenta do dzielenia si\u0119 wszystkim, co przyjdzie mu do g\u0142owy \u2013 my\u015blami, uczuciami, fantazjami, snami, r\u00f3wnie\u017c zwi\u0105zanymi z osob\u0105 terapeuty. Praca w relacji terapeutycznej, wymagaj\u0105ca aktywno\u015bci obu stron, prowadzi pacjenta do zrozumienia wp\u0142ywu nie\u015bwiadomych emocji&#8230;<\/p>\n","protected":false},"author":1,"featured_media":0,"parent":0,"menu_order":2,"comment_status":"closed","ping_status":"closed","template":"","meta":{"footnotes":""},"_links":{"self":[{"href":"https:\/\/weronikadilling.eu\/index.php\/wp-json\/wp\/v2\/pages\/9"}],"collection":[{"href":"https:\/\/weronikadilling.eu\/index.php\/wp-json\/wp\/v2\/pages"}],"about":[{"href":"https:\/\/weronikadilling.eu\/index.php\/wp-json\/wp\/v2\/types\/page"}],"author":[{"embeddable":true,"href":"https:\/\/weronikadilling.eu\/index.php\/wp-json\/wp\/v2\/users\/1"}],"replies":[{"embeddable":true,"href":"https:\/\/weronikadilling.eu\/index.php\/wp-json\/wp\/v2\/comments?post=9"}],"version-history":[{"count":1,"href":"https:\/\/weronikadilling.eu\/index.php\/wp-json\/wp\/v2\/pages\/9\/revisions"}],"predecessor-version":[{"id":451,"href":"https:\/\/weronikadilling.eu\/index.php\/wp-json\/wp\/v2\/pages\/9\/revisions\/451"}],"wp:attachment":[{"href":"https:\/\/weronikadilling.eu\/index.php\/wp-json\/wp\/v2\/media?parent=9"}],"curies":[{"name":"wp","href":"https:\/\/api.w.org\/{rel}","templated":true}]}}