{"id":209,"date":"2015-11-27T23:33:14","date_gmt":"2015-11-27T22:33:14","guid":{"rendered":"http:\/\/terapiakrakow.eu\/?page_id=209"},"modified":"2023-11-20T21:54:50","modified_gmt":"2023-11-20T20:54:50","slug":"glowna","status":"publish","type":"page","link":"https:\/\/weronikadilling.eu\/","title":{"rendered":"Psychoterapia"},"content":{"rendered":"<p>Cz\u0119sto trudno jest podj\u0105\u0107 decyzj\u0119, by zmieni\u0107 w\u0142asne \u017cycie. Razem z nadziej\u0105 pojawia si\u0119 r\u00f3wnie\u017c l\u0119k przed tym, co nowe i nieznane. Warto pr\u00f3bowa\u0107 zrobi\u0107 pierwszy, najtrudniejszy krok i skorzysta\u0107 z profesjonalnej pomocy.<\/p>\n<p>Dzi\u0119ki bezpiecznej i nieoceniaj\u0105cej atmosferze relacja terapeutyczna daje mo\u017cliwo\u015b\u0107 lepszego zrozumienia swoich emocji, zachowa\u0144 i potrzeb oraz zaj\u0119cia si\u0119 swoimi trudno\u015bciami. Korzy\u015bci, jakie mo\u017ce da\u0107 psychoterapia to nie tylko rozwi\u0105zanie problem\u00f3w i zmniejszenie objaw\u00f3w, ale wi\u0119ksza rado\u015b\u0107 z \u017cycia, bardziej satysfakcjonuj\u0105ce relacje i lepsze radzenie sobie z bie\u017c\u0105cymi trudno\u015bciami.<\/p>\n<p>W moim gabinecie w Warszawie oferuj\u0119 psychoterapi\u0119 indywidualn\u0105 osobom\u00a0doros\u0142ym oraz m\u0142odzie\u017cy do\u015bwiadczaj\u0105cym:<\/p>\n<ul>\n<li>trudno\u015bci w relacjach z lud\u017ami, problem\u00f3w w zwi\u0105zkach i \u017cyciu seksualnm,<\/li>\n<li>kryzys\u00f3w w \u017cyciu, utrat, trudnych i nag\u0142ych zmian, chor\u00f3b<\/li>\n<li>poczucia smutku, zagubienia i bezradno\u015bci, problem\u00f3w z wyra\u017caniem i kontrolowaniem emocji<\/li>\n<li>l\u0119ku i trudno\u015bci w codziennym funkcjonowaniu, problem\u00f3w ze snem, smutku i niepokoju,<\/li>\n<li>trudno\u015bci w szkole, kontaktach r\u00f3wie\u015bniczych, problem\u00f3w z zachowaniem,<\/li>\n<li>braku satysfakcji z \u017cycia, trudno\u015bci zawodowych,<\/li>\n<li>depresji, zburze\u0144 osobowo\u015bci, l\u0119k\u00f3w, zaburze\u0144 obsesyjnych i innych zaburze\u0144 psychicznych<\/li>\n<li>trudnych do\u015bwiadcze\u0144 z okresu dzieci\u0144stwa (np. wychowanie w rodzinie z problemem alkoholowym, tzw. DDA),<\/li>\n<\/ul>\n<p>oraz osobom ch\u0119tnym do pracy nad rozwojem osobistym i lepszym poznaniem siebie.<\/p>\n<p>Prowadz\u0119 psychoterapi\u0119 r\u00f3wnie\u017c w j\u0119zyku angielskim.<\/p>\n","protected":false},"excerpt":{"rendered":"<p>Cz\u0119sto trudno jest podj\u0105\u0107 decyzj\u0119, by zmieni\u0107 w\u0142asne \u017cycie. Razem z nadziej\u0105 pojawia si\u0119 r\u00f3wnie\u017c l\u0119k przed tym, co nowe i nieznane. Warto pr\u00f3bowa\u0107 zrobi\u0107 pierwszy, najtrudniejszy krok i skorzysta\u0107 z profesjonalnej pomocy. Dzi\u0119ki bezpiecznej i nieoceniaj\u0105cej atmosferze relacja terapeutyczna daje mo\u017cliwo\u015b\u0107 lepszego zrozumienia swoich emocji, zachowa\u0144 i potrzeb oraz zaj\u0119cia si\u0119 swoimi trudno\u015bciami. Korzy\u015bci,&#8230;<\/p>\n","protected":false},"author":1,"featured_media":0,"parent":0,"menu_order":1,"comment_status":"closed","ping_status":"closed","template":"","meta":{"footnotes":""},"_links":{"self":[{"href":"https:\/\/weronikadilling.eu\/index.php\/wp-json\/wp\/v2\/pages\/209"}],"collection":[{"href":"https:\/\/weronikadilling.eu\/index.php\/wp-json\/wp\/v2\/pages"}],"about":[{"href":"https:\/\/weronikadilling.eu\/index.php\/wp-json\/wp\/v2\/types\/page"}],"author":[{"embeddable":true,"href":"https:\/\/weronikadilling.eu\/index.php\/wp-json\/wp\/v2\/users\/1"}],"replies":[{"embeddable":true,"href":"https:\/\/weronikadilling.eu\/index.php\/wp-json\/wp\/v2\/comments?post=209"}],"version-history":[{"count":3,"href":"https:\/\/weronikadilling.eu\/index.php\/wp-json\/wp\/v2\/pages\/209\/revisions"}],"predecessor-version":[{"id":458,"href":"https:\/\/weronikadilling.eu\/index.php\/wp-json\/wp\/v2\/pages\/209\/revisions\/458"}],"wp:attachment":[{"href":"https:\/\/weronikadilling.eu\/index.php\/wp-json\/wp\/v2\/media?parent=209"}],"curies":[{"name":"wp","href":"https:\/\/api.w.org\/{rel}","templated":true}]}}