{"id":17,"date":"2013-01-27T10:35:11","date_gmt":"2013-01-27T10:35:11","guid":{"rendered":"http:\/\/terapiakrakow.eu\/?page_id=17"},"modified":"2022-01-03T19:43:39","modified_gmt":"2022-01-03T18:43:39","slug":"kontakt-i-lokalizacja","status":"publish","type":"page","link":"https:\/\/weronikadilling.eu\/index.php\/kontakt-i-lokalizacja\/","title":{"rendered":"Kontakt i lokalizacja"},"content":{"rendered":"<p>Gabinet znajduje si\u0119 na ulicy Ga\u0142czy\u0144skiego 3\/4 w Warszawie<\/p>\n<p style=\"text-align: left;\">Tel: 609 505 706<\/p>\n","protected":false},"excerpt":{"rendered":"<p>Gabinet znajduje si\u0119 na ulicy Ga\u0142czy\u0144skiego 3\/4 w Warszawie Tel: 609 505 706<\/p>\n","protected":false},"author":1,"featured_media":0,"parent":0,"menu_order":5,"comment_status":"closed","ping_status":"open","template":"","meta":{"footnotes":""},"_links":{"self":[{"href":"https:\/\/weronikadilling.eu\/index.php\/wp-json\/wp\/v2\/pages\/17"}],"collection":[{"href":"https:\/\/weronikadilling.eu\/index.php\/wp-json\/wp\/v2\/pages"}],"about":[{"href":"https:\/\/weronikadilling.eu\/index.php\/wp-json\/wp\/v2\/types\/page"}],"author":[{"embeddable":true,"href":"https:\/\/weronikadilling.eu\/index.php\/wp-json\/wp\/v2\/users\/1"}],"replies":[{"embeddable":true,"href":"https:\/\/weronikadilling.eu\/index.php\/wp-json\/wp\/v2\/comments?post=17"}],"version-history":[{"count":1,"href":"https:\/\/weronikadilling.eu\/index.php\/wp-json\/wp\/v2\/pages\/17\/revisions"}],"predecessor-version":[{"id":441,"href":"https:\/\/weronikadilling.eu\/index.php\/wp-json\/wp\/v2\/pages\/17\/revisions\/441"}],"wp:attachment":[{"href":"https:\/\/weronikadilling.eu\/index.php\/wp-json\/wp\/v2\/media?parent=17"}],"curies":[{"name":"wp","href":"https:\/\/api.w.org\/{rel}","templated":true}]}}