{"id":13,"date":"2013-01-27T10:33:53","date_gmt":"2013-01-27T09:33:53","guid":{"rendered":"http:\/\/terapiakrakow.eu\/?page_id=13"},"modified":"2023-11-20T21:58:07","modified_gmt":"2023-11-20T20:58:07","slug":"formy-pomocy","status":"publish","type":"page","link":"https:\/\/weronikadilling.eu\/index.php\/formy-pomocy\/","title":{"rendered":"Formy pomocy"},"content":{"rendered":"<p>Konsultacje<br \/>\nPierwsze kilka spotka\u0144 ma charakter konsultacyjny (oko\u0142o 3-5 spotka\u0144). Podczas rozmowy rozpoznaj\u0119 obszary trudno\u015bci, objawy i pow\u00f3d poszukiwania pomocy. Wynikiem konsultacji mo\u017ce by\u0107 podj\u0119cie psychoterapii lub wybranie innej, odpowiedniej dla osoby zg\u0142aszaj\u0105cej si\u0119 formy pomocy.<\/p>\n<p>Psychoterapia indywidualna<br \/>\nW\u00a0przypadku wsp\u00f3lnej decyzji o podj\u0119ciu psychoterapii nast\u0119puje om\u00f3wienie i ustalenie warunk\u00f3w dalszej pracy, w tym mo\u017cliwo\u015bci spotka\u0144 online i w formie hybrydowej. Spotkania odbywaj\u0105 si\u0119 regularnie, o sta\u0142ych godzinach, w wymiarze od 1 do 3 razy w\u00a0tygodniu (najcz\u0119\u015bciej 2 razy na tydzie\u0144) i\u00a0trwaj\u0105 50 minut.<\/p>\n<p>Pomoc psychologiczna<br \/>\nW przypadku do\u015bwiadczania kr\u00f3tkotrwa\u0142ych i nag\u0142ych trudno\u015bci mo\u017cna skorzysta\u0107 z dora\u017anej, kr\u00f3tkoterminowej pomocy psychologicznej. Taka forma wsparcia s\u0142u\u017cy przezwyci\u0119\u017ceniu bie\u017c\u0105cych kryzys\u00f3w lub podj\u0119ciu decyzji, jaka .<\/p>\n<p>Zg\u0142oszenia na konsultacj\u0119 przyjmuj\u0119 telefonicznie pod numerem 609 505 706. Je\u015bli nie odbieram to prosz\u0119 o smsa, oddzwoni\u0119.<\/p>\n","protected":false},"excerpt":{"rendered":"<p>Konsultacje Pierwsze kilka spotka\u0144 ma charakter konsultacyjny (oko\u0142o 3-5 spotka\u0144). Podczas rozmowy rozpoznaj\u0119 obszary trudno\u015bci, objawy i pow\u00f3d poszukiwania pomocy. Wynikiem konsultacji mo\u017ce by\u0107 podj\u0119cie psychoterapii lub wybranie innej, odpowiedniej dla osoby zg\u0142aszaj\u0105cej si\u0119 formy pomocy. Psychoterapia indywidualna W\u00a0przypadku wsp\u00f3lnej decyzji o podj\u0119ciu psychoterapii nast\u0119puje om\u00f3wienie i ustalenie warunk\u00f3w dalszej pracy, w tym mo\u017cliwo\u015bci spotka\u0144&#8230;<\/p>\n","protected":false},"author":1,"featured_media":0,"parent":0,"menu_order":4,"comment_status":"closed","ping_status":"closed","template":"","meta":{"footnotes":""},"_links":{"self":[{"href":"https:\/\/weronikadilling.eu\/index.php\/wp-json\/wp\/v2\/pages\/13"}],"collection":[{"href":"https:\/\/weronikadilling.eu\/index.php\/wp-json\/wp\/v2\/pages"}],"about":[{"href":"https:\/\/weronikadilling.eu\/index.php\/wp-json\/wp\/v2\/types\/page"}],"author":[{"embeddable":true,"href":"https:\/\/weronikadilling.eu\/index.php\/wp-json\/wp\/v2\/users\/1"}],"replies":[{"embeddable":true,"href":"https:\/\/weronikadilling.eu\/index.php\/wp-json\/wp\/v2\/comments?post=13"}],"version-history":[{"count":5,"href":"https:\/\/weronikadilling.eu\/index.php\/wp-json\/wp\/v2\/pages\/13\/revisions"}],"predecessor-version":[{"id":460,"href":"https:\/\/weronikadilling.eu\/index.php\/wp-json\/wp\/v2\/pages\/13\/revisions\/460"}],"wp:attachment":[{"href":"https:\/\/weronikadilling.eu\/index.php\/wp-json\/wp\/v2\/media?parent=13"}],"curies":[{"name":"wp","href":"https:\/\/api.w.org\/{rel}","templated":true}]}}