{"id":11,"date":"2013-01-27T10:33:12","date_gmt":"2013-01-27T10:33:12","guid":{"rendered":"http:\/\/terapiakrakow.eu\/?page_id=11"},"modified":"2023-11-20T21:12:47","modified_gmt":"2023-11-20T20:12:47","slug":"psychoterapeuta","status":"publish","type":"page","link":"https:\/\/weronikadilling.eu\/index.php\/psychoterapeuta\/","title":{"rendered":"O mnie"},"content":{"rendered":"<p>Jestem psychoterapeutk\u0105 certyfikowan\u0105 przez Polskie Towarzystwo Psychologiczne (nr cert. 346). Uko\u0144czy\u0142am psychologi\u0119 na Uniwersytecie Jagiello\u0144skim oraz czteroletni kurs psychoterapii\u00a0w\u00a0Krakowskim Centrum Psychodynamicznym. Do\u015bwiadczenie zawodowe zdobywa\u0142am m.in. w\u00a0Klinice Psychiatrii CMUJ, \u015arodowiskowym Domu Samopomocy w Wieliczce, w Poradniach Zdrowia Psychicznego dla doros\u0142ych oraz dzieci i m\u0142odzie\u017cy oraz w prywatnym gabinecie. Zajmuj\u0119 si\u0119 r\u00f3wnie\u017c poradnictwem psychologicznym oraz diagnoz\u0105, zar\u00f3wno doros\u0142ych jak i dzieci i m\u0142odzie\u017cy.<\/p>\n<p>Prowadz\u0119 psychoterapi\u0119 indywidualn\u0105 os\u00f3b doros\u0142ych oraz m\u0142odzie\u017cy. Poddaj\u0119 moj\u0105 prac\u0119 regularnej superwizji i stale podnosz\u0119 kwalifikacje zawodowe poprzez udzia\u0142 w szkoleniach i konferencjach naukowych. W mojej pracy kieruj\u0119 si\u0119 kodeksem etycznym psychoterapeuty Sekcji Psychoterapii Polskiego Towarzystwa Psychologicznego.<\/p>\n","protected":false},"excerpt":{"rendered":"<p>Jestem psychoterapeutk\u0105 certyfikowan\u0105 przez Polskie Towarzystwo Psychologiczne (nr cert. 346). Uko\u0144czy\u0142am psychologi\u0119 na Uniwersytecie Jagiello\u0144skim oraz czteroletni kurs psychoterapii\u00a0w\u00a0Krakowskim Centrum Psychodynamicznym. Do\u015bwiadczenie zawodowe zdobywa\u0142am m.in. w\u00a0Klinice Psychiatrii CMUJ, \u015arodowiskowym Domu Samopomocy w Wieliczce, w Poradniach Zdrowia Psychicznego dla doros\u0142ych oraz dzieci i m\u0142odzie\u017cy oraz w prywatnym gabinecie. Zajmuj\u0119 si\u0119 r\u00f3wnie\u017c poradnictwem psychologicznym oraz diagnoz\u0105, zar\u00f3wno&#8230;<\/p>\n","protected":false},"author":1,"featured_media":0,"parent":0,"menu_order":3,"comment_status":"closed","ping_status":"open","template":"","meta":{"footnotes":""},"_links":{"self":[{"href":"https:\/\/weronikadilling.eu\/index.php\/wp-json\/wp\/v2\/pages\/11"}],"collection":[{"href":"https:\/\/weronikadilling.eu\/index.php\/wp-json\/wp\/v2\/pages"}],"about":[{"href":"https:\/\/weronikadilling.eu\/index.php\/wp-json\/wp\/v2\/types\/page"}],"author":[{"embeddable":true,"href":"https:\/\/weronikadilling.eu\/index.php\/wp-json\/wp\/v2\/users\/1"}],"replies":[{"embeddable":true,"href":"https:\/\/weronikadilling.eu\/index.php\/wp-json\/wp\/v2\/comments?post=11"}],"version-history":[{"count":1,"href":"https:\/\/weronikadilling.eu\/index.php\/wp-json\/wp\/v2\/pages\/11\/revisions"}],"predecessor-version":[{"id":450,"href":"https:\/\/weronikadilling.eu\/index.php\/wp-json\/wp\/v2\/pages\/11\/revisions\/450"}],"wp:attachment":[{"href":"https:\/\/weronikadilling.eu\/index.php\/wp-json\/wp\/v2\/media?parent=11"}],"curies":[{"name":"wp","href":"https:\/\/api.w.org\/{rel}","templated":true}]}}